{"id":2,"date":"2024-05-29T17:20:37","date_gmt":"2024-05-29T20:20:37","guid":{"rendered":"https:\/\/e-ducadores.org\/revistaonline\/?page_id=2"},"modified":"2024-06-04T19:20:46","modified_gmt":"2024-06-04T22:20:46","slug":"imprimible","status":"publish","type":"page","link":"https:\/\/e-ducadores.org\/revistaonline\/imprimible\/","title":{"rendered":"Ediciones anteriores"},"content":{"rendered":"\n\n\n<p>Lorem Ipsum has been the industry&#8217;s standard dummy text ever since the 1500s.<\/p>\n\n<p style=\"border: 0px; font-variant-numeric: inherit; font-variant-east-asian: inherit; font-variant-alternates: inherit; font-variant-position: inherit; font-stretch: inherit; line-height: 1.6; font-optical-sizing: inherit; font-kerning: inherit; font-feature-settings: inherit; font-variation-settings: inherit; margin-bottom: 15px; outline: 0px; vertical-align: baseline;\"><font style=\"vertical-align: inherit;\"><font style=\"vertical-align: inherit;\">El <strong>17 de mayo de 2017<\/strong>, en una jornada tan especial, celebramos el&nbsp;<\/font><\/font><span style=\"color:#a10000;\"><font style=\"vertical-align: inherit;\"><font style=\"vertical-align: inherit;\"><strong><font style=\"vertical-align: inherit;\"><font style=\"vertical-align: inherit;\"><\/font><\/font><\/strong><\/font><\/font><span style=\"color: rgb(230, 0, 0);\"><font style=\"vertical-align: inherit;\"><font style=\"vertical-align: inherit;\"><strong><font style=\"vertical-align: inherit;\"><font style=\"vertical-align: inherit;\"><font style=\"vertical-align: inherit;\"><font style=\"vertical-align: inherit;\">\u201c <\/font><\/font><\/font><\/font><\/strong><\/font><\/font><font color=\"#444444\" face=\"inherit\"><span style=\"font-size: 16px; border-style: initial; border-color: initial; border-image: initial; font-variant: inherit; font-stretch: inherit; line-height: inherit; font-optical-sizing: inherit; font-kerning: inherit; font-feature-settings: inherit; font-variation-settings: inherit; font-style: inherit; outline-color: initial; outline-style: initial;\"><strong><font style=\"vertical-align: inherit;\"><font style=\"vertical-align: inherit;\"><font style=\"vertical-align: inherit;\"><font style=\"vertical-align: inherit;\"><font style=\"vertical-align: inherit;\"><font style=\"vertical-align: inherit;\">D\u00eda Mundial de Internet<\/font><\/font><\/font><\/font><\/font><\/font><\/strong><\/span><\/font><font style=\"vertical-align: inherit;\"><font style=\"vertical-align: inherit;\"><strong><font style=\"vertical-align: inherit;\"><font style=\"vertical-align: inherit;\"><font style=\"vertical-align: inherit;\"><font style=\"vertical-align: inherit;\"> \u201d<\/font><\/font><\/font><\/font><\/strong><\/font><\/font><\/span><font style=\"vertical-align: inherit;\"><font style=\"vertical-align: inherit;\"><strong><font style=\"vertical-align: inherit;\"><font style=\"vertical-align: inherit;\">&nbsp;<\/font><\/font><\/strong><\/font><\/font><\/span><font style=\"vertical-align: inherit;\"><font style=\"vertical-align: inherit;\"><strong><\/strong>con el lanzamiento de nuestra revista digital <\/font><span style=\"color:#e60000;\"><font style=\"vertical-align: inherit;\"><\/font><strong><span style=\"border: 0px; font-variant-alternates: inherit; font-variant-numeric: inherit; font-variant-east-asian: inherit; font-variant-position: inherit; font-stretch: inherit; line-height: inherit; font-optical-sizing: inherit; font-kerning: inherit; font-feature-settings: inherit; font-variation-settings: inherit; outline: 0px; vertical-align: baseline;\"><font style=\"vertical-align: inherit;\">\u201c<\/font><\/span><span style=\"border: 0px; font-variant-alternates: inherit; font-variant-numeric: inherit; font-variant-east-asian: inherit; font-variant-position: inherit; font-stretch: inherit; line-height: inherit; font-optical-sizing: inherit; font-kerning: inherit; font-feature-settings: inherit; font-variation-settings: inherit; outline: 0px; vertical-align: baseline;\"><font face=\"inherit\"><span style=\"border-style: initial; border-color: initial; border-image: initial; font-variant: inherit; font-stretch: inherit; line-height: inherit; font-optical-sizing: inherit; font-kerning: inherit; font-feature-settings: inherit; font-variation-settings: inherit; outline-color: initial; outline-style: initial; font-style: inherit;\"><font style=\"vertical-align: inherit;\">e-ducadores del Mundo<\/font><\/span><\/font><\/span><\/strong><span style=\"border: 0px; font-variant-alternates: inherit; font-variant-numeric: inherit; font-variant-east-asian: inherit; font-variant-position: inherit; font-stretch: inherit; line-height: inherit; font-optical-sizing: inherit; font-kerning: inherit; font-feature-settings: inherit; font-variation-settings: inherit; outline: 0px; vertical-align: baseline;\"><font face=\"inherit\"><span style=\"border-style: initial; border-color: initial; border-image: initial; font-variant-alternates: inherit; font-variant-numeric: inherit; font-variant-east-asian: inherit; font-variant-position: inherit; font-stretch: inherit; line-height: inherit; font-optical-sizing: inherit; font-kerning: inherit; font-feature-settings: inherit; font-variation-settings: inherit; outline-color: initial; outline-style: initial;\"><font style=\"vertical-align: inherit;\"><strong>\u201d<\/strong><\/font><\/span><\/font><\/span><\/span><span style=\"border: 0px; font-variant-alternates: inherit; font-variant-numeric: inherit; font-variant-east-asian: inherit; font-variant-position: inherit; font-stretch: inherit; line-height: inherit; font-optical-sizing: inherit; font-kerning: inherit; font-feature-settings: inherit; font-variation-settings: inherit; outline: 0px; vertical-align: baseline;\"><font face=\"inherit\"><span style=\"border-style: initial; border-color: initial; border-image: initial; font-variant-alternates: inherit; font-variant-numeric: inherit; font-variant-east-asian: inherit; font-variant-position: inherit; font-stretch: inherit; line-height: inherit; font-optical-sizing: inherit; font-kerning: inherit; font-feature-settings: inherit; font-variation-settings: inherit; outline-color: initial; outline-style: initial;\"><font style=\"vertical-align: inherit;\"><strong><\/strong>.<\/font><\/span><\/font><\/span><\/font>&nbsp;<span style=\"border: 0px; font-variant-alternates: inherit; font-variant-numeric: inherit; font-variant-east-asian: inherit; font-variant-position: inherit; font-stretch: inherit; line-height: inherit; font-optical-sizing: inherit; font-kerning: inherit; font-feature-settings: inherit; font-variation-settings: inherit; outline: 0px; vertical-align: baseline;\"><font style=\"vertical-align: inherit;\"><\/font><font face=\"inherit\"><span style=\"border-style: initial; border-color: initial; border-image: initial; font-variant: inherit; font-stretch: inherit; line-height: inherit; font-optical-sizing: inherit; font-kerning: inherit; font-feature-settings: inherit; font-variation-settings: inherit; outline-color: initial; outline-style: initial; font-style: inherit;\"><strong><font style=\"vertical-align: inherit;\"><\/font><\/strong><\/span><span style=\"border-style: initial; border-color: initial; border-image: initial; font-variant-alternates: inherit; font-variant-numeric: inherit; font-variant-east-asian: inherit; font-variant-position: inherit; font-stretch: inherit; line-height: inherit; font-optical-sizing: inherit; font-kerning: inherit; font-feature-settings: inherit; font-variation-settings: inherit; outline-color: initial; outline-style: initial;\"><font style=\"vertical-align: inherit;\"><\/font><\/span><\/font><\/span><\/p><p style=\"border: 0px; font-variant-numeric: inherit; font-variant-east-asian: inherit; font-variant-alternates: inherit; font-variant-position: inherit; font-stretch: inherit; line-height: 1.6; font-optical-sizing: inherit; font-kerning: inherit; font-feature-settings: inherit; font-variation-settings: inherit; margin-bottom: 15px; outline: 0px; vertical-align: baseline;\"><font style=\"vertical-align: inherit;\"><font style=\"vertical-align: inherit;\">Esta publicaci\u00f3n, de distribuci\u00f3n gratuita, tiene una caracter\u00edstica distintiva: todos los art\u00edculos se desarrollan, en forma telecolaborativa, por educadores ubicados en diferentes regiones geogr\u00e1ficas, utilizando herramientas y recursos en l\u00ednea de construcci\u00f3n colectiva de conocimiento.<\/font><\/font><\/p><p style=\"border: 0px; font-variant-numeric: inherit; font-variant-east-asian: inherit; font-variant-alternates: inherit; font-variant-position: inherit; font-stretch: inherit; line-height: 1.6; font-optical-sizing: inherit; font-kerning: inherit; font-feature-settings: inherit; font-variation-settings: inherit; margin-bottom: 15px; outline: 0px; vertical-align: baseline;\"><font style=\"vertical-align: inherit;\"><font style=\"vertical-align: inherit;\">Una iniciativa del <\/font><font face=\"inherit\"><span style=\"border-style: initial; border-color: initial; border-image: initial; font-variant: inherit; font-stretch: inherit; line-height: inherit; font-optical-sizing: inherit; font-kerning: inherit; font-feature-settings: inherit; font-variation-settings: inherit; font-style: inherit; outline-color: initial; outline-style: initial;\"><strong><font style=\"vertical-align: inherit;\">Programa e-ducadores<\/font><\/strong><\/span><\/font><font style=\"vertical-align: inherit;\"> &nbsp;para el&nbsp; <\/font><font face=\"inherit\"><span style=\"border-style: initial; border-color: initial; border-image: initial; font-variant: inherit; font-stretch: inherit; line-height: inherit; font-optical-sizing: inherit; font-kerning: inherit; font-feature-settings: inherit; font-variation-settings: inherit; font-style: inherit; outline-color: initial; outline-style: initial;\"><strong><font style=\"vertical-align: inherit;\">Instituto Tom\u00e1s Devoto.<\/font><\/strong><\/span><\/font><\/font>&nbsp;<\/p>\n\n\n<p><strong>ASIGNACI\u00d3N DE ISSN:<\/strong><\/p>\n\n<p>Lorem Ipsum has been the industry&#8217;s standard dummy text ever since the 1500s.<\/p>\n\n<p style=\"border: 0px; font-variant-numeric: inherit; font-variant-east-asian: inherit; font-variant-alternates: inherit; font-variant-position: inherit; font-stretch: inherit; line-height: 1.6; font-optical-sizing: inherit; font-kerning: inherit; font-feature-settings: inherit; font-variation-settings: inherit; margin-bottom: 15px; outline: 0px; vertical-align: baseline;\"><font face=\"inherit\"><span style=\"border-style: initial; border-color: initial; border-image: initial; font-variant: inherit; font-stretch: inherit; line-height: inherit; font-optical-sizing: inherit; font-kerning: inherit; font-feature-settings: inherit; font-variation-settings: inherit; font-style: inherit; outline-color: initial; outline-style: initial;\"><strong><font style=\"vertical-align: inherit;\"><\/font><\/strong><\/span><\/font><font style=\"vertical-align: inherit;\"><\/font><font face=\"inherit\"><span style=\"border-style: initial; border-color: initial; border-image: initial; font-variant: inherit; font-stretch: inherit; line-height: inherit; font-optical-sizing: inherit; font-kerning: inherit; font-feature-settings: inherit; font-variation-settings: inherit; font-style: inherit; outline-color: initial; outline-style: initial;\"><strong><font style=\"vertical-align: inherit;\"><\/font><\/strong><\/span><\/font><\/p><p style=\"border: 0px; font-variant-numeric: inherit; font-variant-east-asian: inherit; font-variant-alternates: inherit; font-variant-position: inherit; font-stretch: inherit; line-height: 1.6; font-optical-sizing: inherit; font-kerning: inherit; font-feature-settings: inherit; font-variation-settings: inherit; margin-bottom: 15px; outline: 0px; vertical-align: baseline;\"><font style=\"vertical-align: inherit;\"><font style=\"vertical-align: inherit;\">Te ofrecemos diferentes formas de visualizaci\u00f3n, o si lo prefieres puedes <\/font><a href=\"http:\/\/e-ducadores.org\/revista\/formulario-de-suscripcion\/\" style=\"border: 0px; font-variant-alternates: inherit; font-variant-numeric: inherit; font-variant-east-asian: inherit; font-variant-position: inherit; font-stretch: inherit; line-height: inherit; font-optical-sizing: inherit; font-kerning: inherit; font-feature-settings: inherit; font-variation-settings: inherit; outline: 0px; vertical-align: baseline; transition: all 0.3s ease 0s;\"><font style=\"vertical-align: inherit;\">suscribirte<\/font><\/a><font style=\"vertical-align: inherit;\"> y recibir las ediciones, por correo electr\u00f3nico.<\/font><\/font>&nbsp;<a href=\"http:\/\/e-ducadores.org\/revista\/formulario-de-suscripcion\/\" style=\"border: 0px; font-variant-alternates: inherit; font-variant-numeric: inherit; font-variant-east-asian: inherit; font-variant-position: inherit; font-stretch: inherit; line-height: inherit; font-optical-sizing: inherit; font-kerning: inherit; font-feature-settings: inherit; font-variation-settings: inherit; outline: 0px; vertical-align: baseline; transition: all 0.3s ease 0s;\"><font style=\"vertical-align: inherit;\"><\/font><\/a>&nbsp;<font style=\"vertical-align: inherit;\"><\/font><\/p>\n\n\n\n\n\n\n<strong><font style=\"vertical-align: inherit;\"><font style=\"vertical-align: inherit;\">Mayo 2017<a href=\"https:\/\/es.scribd.com\/document\/354456025\/Revista-e-ducadores-del-Mundo-Nro-1#from_embed\"><br>VER Y DESCARGAR<\/a><\/font><\/font><\/strong><br> \n\n<p>&nbsp;<\/p>\n\n<strong><font style=\"vertical-align: inherit;\"><font style=\"vertical-align: inherit;\"><font style=\"vertical-align: inherit;\"><font style=\"vertical-align: inherit;\">Junio 2019<\/font><\/font><a href=\"https:\/\/es.scribd.com\/document\/412314102\/Revista-e-ducadores-del-Mundo-3era-edicion#from_embed\"><br><font style=\"vertical-align: inherit;\"><font style=\"vertical-align: inherit;\">VER Y DESCARGAR<\/font><\/font><\/a><\/font><\/font><\/strong><br> \n\n<p>&nbsp;<\/p>\n\n<strong><font style=\"vertical-align: inherit;\"><font style=\"vertical-align: inherit;\"><font style=\"vertical-align: inherit;\"><font style=\"vertical-align: inherit;\">Mayo 2023 <\/font><\/font><a href=\"https:\/\/drive.google.com\/file\/d\/1nNuM20-PiM3Pxk8tL9CamvfTGRuoWxlK\/view\"><br><font style=\"vertical-align: inherit;\"><font style=\"vertical-align: inherit;\">VER Y DESCARGAR<\/font><\/font><\/a><\/font><\/font><\/strong><br> \n\n<p>&nbsp;<\/p>\n\n<strong><font style=\"vertical-align: inherit;\"><font style=\"vertical-align: inherit;\"><font style=\"vertical-align: inherit;\"><font style=\"vertical-align: inherit;\"><font style=\"vertical-align: inherit;\"><font style=\"vertical-align: inherit;\">Enero 2024<a href=\"https:\/\/drive.google.com\/file\/d\/1nNuM20-PiM3Pxk8tL9CamvfTGRuoWxlK\/view\"><br>VER Y DESCARGAR<\/a><\/font><\/font><\/font><\/font><\/font><\/font><\/strong>\n\n<p>&nbsp;<\/p>\n\n\n\n<strong><font style=\"vertical-align: inherit;\"><font style=\"vertical-align: inherit;\">Mayo 2018<a href=\"https:\/\/es.scribd.com\/document\/379580927\/Revista-e-ducadores-del-Mundo-2da-edicion#from_embed\"><br>VER Y DESCARGAR<\/a><\/font><\/font><\/strong><br> \n\n<p>&nbsp;&nbsp;<\/p>\n\n<strong><font style=\"vertical-align: inherit;\"><font style=\"vertical-align: inherit;\"><font style=\"vertical-align: inherit;\"><font style=\"vertical-align: inherit;\"><font style=\"vertical-align: inherit;\"><font style=\"vertical-align: inherit;\">Diciembre 2022 <\/font><\/font><a href=\"https:\/\/drive.google.com\/file\/d\/11EHGHi0JoBzg1IQyQTdaNQ647JB6RGqA\/view?usp=sharing\"><br><font style=\"vertical-align: inherit;\"><font style=\"vertical-align: inherit;\">VER Y DESCARGAR<\/font><\/font><\/a><\/font><\/font><\/font><\/font><\/strong><br> \n\n<p>&nbsp;&nbsp;<\/p>\n\n<strong><font style=\"vertical-align: inherit;\"><font style=\"vertical-align: inherit;\"><font style=\"vertical-align: inherit;\"><font style=\"vertical-align: inherit;\"><font style=\"vertical-align: inherit;\"><font style=\"vertical-align: inherit;\">Septiembre 2023 <\/font><\/font><a href=\"https:\/\/drive.google.com\/file\/d\/1UsiqXvoMP_JCF0nihGhq3yA2SwrPoztM\/view\"><br><font style=\"vertical-align: inherit;\"><font style=\"vertical-align: inherit;\">VER Y DESCARGAR<\/font><\/font><\/a><\/font><\/font><\/font><\/font><\/strong>\n\n<p>&nbsp;&nbsp;<\/p>\n\n\n\n\n<font style=\"vertical-align: inherit;\"><font style=\"vertical-align: inherit;\"><strong>Mayo 2024<\/strong><strong><a href=\"https:\/\/drive.google.com\/file\/d\/1k2h-3VKtq-BPyxcIgebwsY9LOcWdCVF7\/view?usp=sharing\"><br><br>VER Y DESCARGAR<\/a><\/strong><\/font><\/font>\n\n\n\n\n\n\n\n\n<div class=\"pvc_clear\"><\/div><p id=\"pvc_stats_2\" class=\"pvc_stats all  \" data-element-id=\"2\" style=\"\"><i class=\"pvc-stats-icon medium\" aria-hidden=\"true\"><svg aria-hidden=\"true\" focusable=\"false\" data-prefix=\"far\" data-icon=\"chart-bar\" role=\"img\" xmlns=\"http:\/\/www.w3.org\/2000\/svg\" viewBox=\"0 0 512 512\" class=\"svg-inline--fa fa-chart-bar fa-w-16 fa-2x\"><path fill=\"currentColor\" d=\"M396.8 352h22.4c6.4 0 12.8-6.4 12.8-12.8V108.8c0-6.4-6.4-12.8-12.8-12.8h-22.4c-6.4 0-12.8 6.4-12.8 12.8v230.4c0 6.4 6.4 12.8 12.8 12.8zm-192 0h22.4c6.4 0 12.8-6.4 12.8-12.8V140.8c0-6.4-6.4-12.8-12.8-12.8h-22.4c-6.4 0-12.8 6.4-12.8 12.8v198.4c0 6.4 6.4 12.8 12.8 12.8zm96 0h22.4c6.4 0 12.8-6.4 12.8-12.8V204.8c0-6.4-6.4-12.8-12.8-12.8h-22.4c-6.4 0-12.8 6.4-12.8 12.8v134.4c0 6.4 6.4 12.8 12.8 12.8zM496 400H48V80c0-8.84-7.16-16-16-16H16C7.16 64 0 71.16 0 80v336c0 17.67 14.33 32 32 32h464c8.84 0 16-7.16 16-16v-16c0-8.84-7.16-16-16-16zm-387.2-48h22.4c6.4 0 12.8-6.4 12.8-12.8v-70.4c0-6.4-6.4-12.8-12.8-12.8h-22.4c-6.4 0-12.8 6.4-12.8 12.8v70.4c0 6.4 6.4 12.8 12.8 12.8z\" class=\"\"><\/path><\/svg><\/i> <img loading=\"lazy\" width=\"16\" height=\"16\" alt=\"Loading\" src=\"https:\/\/e-ducadores.org\/revistaonline\/wp-content\/plugins\/page-views-count\/ajax-loader-2x.gif\" border=0 \/><\/p><div class=\"pvc_clear\"><\/div>","protected":false},"excerpt":{"rendered":"<div class=\"pvc_clear\"><\/div>\n<p id=\"pvc_stats_2\" class=\"pvc_stats all  \" data-element-id=\"2\" style=\"\"><i class=\"pvc-stats-icon medium\" aria-hidden=\"true\"><svg aria-hidden=\"true\" focusable=\"false\" data-prefix=\"far\" data-icon=\"chart-bar\" role=\"img\" xmlns=\"http:\/\/www.w3.org\/2000\/svg\" viewBox=\"0 0 512 512\" class=\"svg-inline--fa fa-chart-bar fa-w-16 fa-2x\"><path fill=\"currentColor\" d=\"M396.8 352h22.4c6.4 0 12.8-6.4 12.8-12.8V108.8c0-6.4-6.4-12.8-12.8-12.8h-22.4c-6.4 0-12.8 6.4-12.8 12.8v230.4c0 6.4 6.4 12.8 12.8 12.8zm-192 0h22.4c6.4 0 12.8-6.4 12.8-12.8V140.8c0-6.4-6.4-12.8-12.8-12.8h-22.4c-6.4 0-12.8 6.4-12.8 12.8v198.4c0 6.4 6.4 12.8 12.8 12.8zm96 0h22.4c6.4 0 12.8-6.4 12.8-12.8V204.8c0-6.4-6.4-12.8-12.8-12.8h-22.4c-6.4 0-12.8 6.4-12.8 12.8v134.4c0 6.4 6.4 12.8 12.8 12.8zM496 400H48V80c0-8.84-7.16-16-16-16H16C7.16 64 0 71.16 0 80v336c0 17.67 14.33 32 32 32h464c8.84 0 16-7.16 16-16v-16c0-8.84-7.16-16-16-16zm-387.2-48h22.4c6.4 0 12.8-6.4 12.8-12.8v-70.4c0-6.4-6.4-12.8-12.8-12.8h-22.4c-6.4 0-12.8 6.4-12.8 12.8v70.4c0 6.4 6.4 12.8 12.8 12.8z\" class=\"\"><\/path><\/svg><\/i> <img loading=\"lazy\" width=\"16\" height=\"16\" alt=\"Loading\" src=\"https:\/\/e-ducadores.org\/revistaonline\/wp-content\/plugins\/page-views-count\/ajax-loader-2x.gif\" border=0 \/><\/p>\n<div class=\"pvc_clear\"><\/div>\n","protected":false},"author":1,"featured_media":321,"parent":0,"menu_order":0,"comment_status":"closed","ping_status":"closed","template":"","meta":{"pagelayer_contact_templates":[],"_pagelayer_content":""},"_links":{"self":[{"href":"https:\/\/e-ducadores.org\/revistaonline\/wp-json\/wp\/v2\/pages\/2"}],"collection":[{"href":"https:\/\/e-ducadores.org\/revistaonline\/wp-json\/wp\/v2\/pages"}],"about":[{"href":"https:\/\/e-ducadores.org\/revistaonline\/wp-json\/wp\/v2\/types\/page"}],"author":[{"embeddable":true,"href":"https:\/\/e-ducadores.org\/revistaonline\/wp-json\/wp\/v2\/users\/1"}],"replies":[{"embeddable":true,"href":"https:\/\/e-ducadores.org\/revistaonline\/wp-json\/wp\/v2\/comments?post=2"}],"version-history":[{"count":34,"href":"https:\/\/e-ducadores.org\/revistaonline\/wp-json\/wp\/v2\/pages\/2\/revisions"}],"predecessor-version":[{"id":680,"href":"https:\/\/e-ducadores.org\/revistaonline\/wp-json\/wp\/v2\/pages\/2\/revisions\/680"}],"wp:featuredmedia":[{"embeddable":true,"href":"https:\/\/e-ducadores.org\/revistaonline\/wp-json\/wp\/v2\/media\/321"}],"wp:attachment":[{"href":"https:\/\/e-ducadores.org\/revistaonline\/wp-json\/wp\/v2\/media?parent=2"}],"curies":[{"name":"wp","href":"https:\/\/api.w.org\/{rel}","templated":true}]}}