{"id":96,"date":"2019-03-03T23:45:58","date_gmt":"2019-03-03T23:45:58","guid":{"rendered":"http:\/\/e-ducadores.org\/escuela\/?page_id=96"},"modified":"2020-09-20T20:18:57","modified_gmt":"2020-09-20T20:18:57","slug":"organizacion-y-cursada","status":"publish","type":"page","link":"https:\/\/e-ducadores.org\/escuela\/organizacion-y-cursada\/","title":{"rendered":"Cursada y organizaci\u00f3n"},"content":{"rendered":"<h3 style=\"text-align: center;\"><em><strong>CALENDARIO ACAD\u00c9MICO<\/strong><\/em><\/h3>\n<p style=\"text-align: center;\"><img loading=\"lazy\" class=\"alignnone size-medium wp-image-292\" src=\"http:\/\/e-ducadores.org\/escuela\/wp-content\/uploads\/2020\/09\/cohorte-escuela-270x300.png\" alt=\"\" width=\"270\" height=\"300\" \/><\/p>\n<p style=\"text-align: center;\"><span style=\"color: #800000;\"><b><i>ABIERTA LA INSCRIPCI\u00d3N<br \/>\nDURANTE TODO EL A\u00d1O!!!<\/i><\/b><\/span><\/p>\n<p>&nbsp;<\/p>\n<p>La cursada se desarrolla<b>,\u00a0<\/b>a trav\u00e9s de la modalidad virtual dentro del Campus del Programa\u00a0\u00a0<strong>y en nuestras nuevas e innovadoras Aulas Iconogr\u00e1ficas <\/strong>(<a href=\"https:\/\/icoaulas.org\/e-ducadores\/\">https:\/\/icoaulas.org\/e-ducadores\/<\/a>).<\/p>\n<p>Los estudiantes acceder\u00e1n a los materiales y recursos digitales, contando con la orientaci\u00f3n de diferentes tutores, y tendr\u00e1n la posibilidad de interactuar y aprender colaborativamente a trav\u00e9s de diferentes entornos.<\/p>\n<p>Este modelo de aprendizaje tiene como ejes centrales la interacci\u00f3n entre los participantes, a trav\u00e9s de diferentes tipos de actividades orientadas a la pr\u00e1ctica y el intercambio de conocimientos.<\/p>\n<p><strong><em>Se trabaja como base el \u201c<\/em><\/strong><strong><em><span style=\"color: #333399;\">Dise\u00f1o de proyectos educativos innovadores con TIC<\/span>\u201d poniendo el eje en el aprendizaje telecolaborativo y en la creatividad.<\/em><\/strong><\/p>\n<p>Como parte del programa, se desarrollan una serie de <strong>NOOCs <\/strong>(Peque\u00f1as unidades de contenidos que se transitan durante 3\/4 semanas), con certificaciones individuales.<br \/>\nLos participantes pueden seleccionar y acceder a todas, en el orden que deseen.<\/p>\n<p><em><strong>Cada uno de esos trayectos complementar\u00e1 la propuesta general y los nuevos conocimientos adquiridos ir\u00e1n enriqueciendo el proyecto global.<\/strong><\/em><\/p>\n<p>Las propuestas son:<\/p>\n<ul>\n<li><span style=\"color: #333399;\"><em><strong>BuscaNOOC<\/strong><\/em><\/span> (B\u00fasqueda de informaci\u00f3n valiosa en Internet &#8211; B\u00fasqueda acad\u00e9mica, herramientas y recursos, m\u00e9todos de filtrado avanzado).<\/li>\n<li><em><span style=\"color: #333399;\"><strong>PreseNOOC<\/strong><\/span><\/em> (El Arte de Presentar \u2013 Presentaciones exitosas &#8211; T\u00e9cnicas, estilos, dise\u00f1o y acting).<\/li>\n<li><em><span style=\"color: #333399;\"><strong>CreatiNOOC<\/strong><\/span><\/em> (Potenciar Ser Creativos \u2013 T\u00e9cnicas de Creatividad).<\/li>\n<li><span style=\"color: #333399;\"><em><strong>GeoNOOC<\/strong><\/em><\/span> (Geolocalizando conocimiento \u2013 T\u00e9cnicas de geolocalizaci\u00f3n aplicadas a la Educaci\u00f3n &#8211; Los secretos de Google Maps y Google Earth &#8211; Viajes Digitalizados &#8211; Expediciones Virtuales).<\/li>\n<li><span style=\"color: #333399;\"><em><strong>RobotNOOC<\/strong><\/em><\/span> (Introducci\u00f3n a la Rob\u00f3tica y a la Programaci\u00f3n).<\/li>\n<\/ul>\n<p>Y, si lo desean, podr\u00e1n sumarse al:<\/p>\n<ul>\n<li><span style=\"color: #333399;\"><em><strong>GooGame<\/strong>\u00a0<\/em><\/span>(Propuesta Gamificada vinculada a potenciar utilizaci\u00f3n pedag\u00f3gica de las herramientas de G Suite de Google para Educaci\u00f3n).<\/li>\n<\/ul>\n<p>Con \u00abrecreos\u00bb pedag\u00f3gicos semanales:\u00a0 propuestas l\u00fadicas y creativas, donde nos vincularemos con otros miembros de la comunidad educativa, otros compa\u00f1eros\/as pertenecientes a otros cursos y tambi\u00e9n otros profesores.<\/p>\n<p>Se propone un\u00a0<strong>Trabajo Final<\/strong>, individual o grupal, un <span style=\"color: #333399;\"><em><strong>Proyecto Integral\u00a0<\/strong><\/em><\/span>desarrollado durante toda la cursada, que atender\u00e1 a contenidos curriculares de otra\/as \u00e1rea\/as del conocimiento vinculadas a su realidad pedag\u00f3gica y que ser\u00e1 el producto del trabajo telecolaborativo entre pares.<\/p>\n<p>Se estima una dedicaci\u00f3n de unas 4 horas semanales.<\/p>\n<p>La Escuela atiende a una flexibilidad en los tiempos de entrega de las actividades propuestas, invitando al estudiante a realizar su propia organizaci\u00f3n en el tiempo, para el logro de los objetivos propuestos.<\/p>\n<blockquote>\n<h3 style=\"text-align: center;\"><span style=\"color: #800000;\"><span style=\"color: #000000;\">SUMATE EN CUALQUIER MOMENTO!!!! <\/span><br \/>\nAPREND\u00c9 PARA EDUCAR MEJOR.<\/span><\/h3>\n<\/blockquote>\n<p>\u00bfQu\u00e9 es un NOOC?<\/p>\n<p>(*) Un\u00a0<strong>NOOC<\/strong>\u00a0es un NANO Curso Abierto, Masivo y Online que le brinda a los participantes la oportunidad de explorar, aprender y ser evaluados sobre un elemento clave de una competencia, una destreza, o un \u00e1rea de conocimiento en un periodo de tiempo breve.<\/p>\n<p><strong>N:\u00a0<\/strong>Estamos en presencia de una\u00a0<em><strong>N<\/strong>ano Learning Experience (NLE)\u00a0<\/em>\u2013\u00a0<em><strong>N<\/strong><\/em>ano Experiencia de Aprendizaje. que incluye: contenido, actividades, evaluaci\u00f3n y una acreditaci\u00f3n. Este tipo de experiencia de aprendizaje pude tener unas 20 horas de esfuerzo estimado o menos.<\/p>\n<p><strong>O &#8211; O:<\/strong>\u00a0Los NOOC son Abiertos (<strong>O<\/strong>pen) y en l\u00ednea (<strong>O<\/strong>nline). Los materiales, se ponen a disposici\u00f3n de los participantes bajo una\u00a0<a title=\"Ir a licencia Creative Commons. Abre en ventana nueva.\" href=\"https:\/\/es.wikipedia.org\/wiki\/Creative_Commons\" target=\"_blank\" rel=\"noopener\">licencia Creative Commons<\/a>.<br \/>\nLa \u00abO\u00bb de online queda claramente definida al ser cursos en l\u00ednea, totalmente virtuales.<\/p>\n<p><strong>C:<\/strong>\u00a0Se trata de un curso de formaci\u00f3n, y por lo tanto debe tener unas fechas de inscripci\u00f3n, apertura y finalizaci\u00f3n. Un NOOC debe incluir actividades mediante las cuales los participantes puedan evidenciar el aprendizaje adquirido, el objetivo alcanzado y la competencia desarrollada, en base a lo cual podr\u00e1n adquirir la acreditaci\u00f3n por haber superado el curso, en forma de insignia digital y\/o de una certificaci\u00f3n.<\/p>\n<div class=\"pvc_clear\"><\/div>\n<p class=\"pvc_stats all \" data-element-id=\"96\" style=\"\"><i class=\"pvc-stats-icon medium\" aria-hidden=\"true\"><svg aria-hidden=\"true\" focusable=\"false\" data-prefix=\"far\" data-icon=\"chart-bar\" role=\"img\" xmlns=\"http:\/\/www.w3.org\/2000\/svg\" viewBox=\"0 0 512 512\" class=\"svg-inline--fa fa-chart-bar fa-w-16 fa-2x\"><path fill=\"currentColor\" d=\"M396.8 352h22.4c6.4 0 12.8-6.4 12.8-12.8V108.8c0-6.4-6.4-12.8-12.8-12.8h-22.4c-6.4 0-12.8 6.4-12.8 12.8v230.4c0 6.4 6.4 12.8 12.8 12.8zm-192 0h22.4c6.4 0 12.8-6.4 12.8-12.8V140.8c0-6.4-6.4-12.8-12.8-12.8h-22.4c-6.4 0-12.8 6.4-12.8 12.8v198.4c0 6.4 6.4 12.8 12.8 12.8zm96 0h22.4c6.4 0 12.8-6.4 12.8-12.8V204.8c0-6.4-6.4-12.8-12.8-12.8h-22.4c-6.4 0-12.8 6.4-12.8 12.8v134.4c0 6.4 6.4 12.8 12.8 12.8zM496 400H48V80c0-8.84-7.16-16-16-16H16C7.16 64 0 71.16 0 80v336c0 17.67 14.33 32 32 32h464c8.84 0 16-7.16 16-16v-16c0-8.84-7.16-16-16-16zm-387.2-48h22.4c6.4 0 12.8-6.4 12.8-12.8v-70.4c0-6.4-6.4-12.8-12.8-12.8h-22.4c-6.4 0-12.8 6.4-12.8 12.8v70.4c0 6.4 6.4 12.8 12.8 12.8z\" class=\"\"><\/path><\/svg><\/i> &nbsp;2,368&nbsp;total views, &nbsp;1&nbsp;views today<\/p>\n<div class=\"pvc_clear\"><\/div>\n","protected":false},"excerpt":{"rendered":"<p>CALENDARIO ACAD\u00c9MICO ABIERTA LA INSCRIPCI\u00d3N DURANTE TODO EL A\u00d1O!!! &nbsp; La cursada se desarrolla,\u00a0a trav\u00e9s de la modalidad virtual dentro<\/p>\n<div class=\"pvc_clear\"><\/div>\n<p class=\"pvc_stats all \" data-element-id=\"96\" style=\"\"><i class=\"pvc-stats-icon medium\" aria-hidden=\"true\"><svg aria-hidden=\"true\" focusable=\"false\" data-prefix=\"far\" data-icon=\"chart-bar\" role=\"img\" xmlns=\"http:\/\/www.w3.org\/2000\/svg\" viewBox=\"0 0 512 512\" class=\"svg-inline--fa fa-chart-bar fa-w-16 fa-2x\"><path fill=\"currentColor\" d=\"M396.8 352h22.4c6.4 0 12.8-6.4 12.8-12.8V108.8c0-6.4-6.4-12.8-12.8-12.8h-22.4c-6.4 0-12.8 6.4-12.8 12.8v230.4c0 6.4 6.4 12.8 12.8 12.8zm-192 0h22.4c6.4 0 12.8-6.4 12.8-12.8V140.8c0-6.4-6.4-12.8-12.8-12.8h-22.4c-6.4 0-12.8 6.4-12.8 12.8v198.4c0 6.4 6.4 12.8 12.8 12.8zm96 0h22.4c6.4 0 12.8-6.4 12.8-12.8V204.8c0-6.4-6.4-12.8-12.8-12.8h-22.4c-6.4 0-12.8 6.4-12.8 12.8v134.4c0 6.4 6.4 12.8 12.8 12.8zM496 400H48V80c0-8.84-7.16-16-16-16H16C7.16 64 0 71.16 0 80v336c0 17.67 14.33 32 32 32h464c8.84 0 16-7.16 16-16v-16c0-8.84-7.16-16-16-16zm-387.2-48h22.4c6.4 0 12.8-6.4 12.8-12.8v-70.4c0-6.4-6.4-12.8-12.8-12.8h-22.4c-6.4 0-12.8 6.4-12.8 12.8v70.4c0 6.4 6.4 12.8 12.8 12.8z\" class=\"\"><\/path><\/svg><\/i> &nbsp;2,368&nbsp;total views, &nbsp;1&nbsp;views today<\/p>\n<div class=\"pvc_clear\"><\/div>\n","protected":false},"author":1,"featured_media":0,"parent":0,"menu_order":0,"comment_status":"closed","ping_status":"closed","template":"","meta":[],"_links":{"self":[{"href":"https:\/\/e-ducadores.org\/escuela\/wp-json\/wp\/v2\/pages\/96"}],"collection":[{"href":"https:\/\/e-ducadores.org\/escuela\/wp-json\/wp\/v2\/pages"}],"about":[{"href":"https:\/\/e-ducadores.org\/escuela\/wp-json\/wp\/v2\/types\/page"}],"author":[{"embeddable":true,"href":"https:\/\/e-ducadores.org\/escuela\/wp-json\/wp\/v2\/users\/1"}],"replies":[{"embeddable":true,"href":"https:\/\/e-ducadores.org\/escuela\/wp-json\/wp\/v2\/comments?post=96"}],"version-history":[{"count":33,"href":"https:\/\/e-ducadores.org\/escuela\/wp-json\/wp\/v2\/pages\/96\/revisions"}],"predecessor-version":[{"id":302,"href":"https:\/\/e-ducadores.org\/escuela\/wp-json\/wp\/v2\/pages\/96\/revisions\/302"}],"wp:attachment":[{"href":"https:\/\/e-ducadores.org\/escuela\/wp-json\/wp\/v2\/media?parent=96"}],"curies":[{"name":"wp","href":"https:\/\/api.w.org\/{rel}","templated":true}]}}