{"id":100,"date":"2019-03-04T00:36:38","date_gmt":"2019-03-04T00:36:38","guid":{"rendered":"http:\/\/e-ducadores.org\/escuela\/?page_id=100"},"modified":"2021-01-22T01:56:14","modified_gmt":"2021-01-22T01:56:14","slug":"admision-y-aranceles","status":"publish","type":"page","link":"https:\/\/e-ducadores.org\/escuela\/admision-y-aranceles\/","title":{"rendered":"Informes &#8211; Aranceles"},"content":{"rendered":"<p>Comenzamos una nueva cohorte de la\u00a0Escuela Virtual con la modalidad:\u00a0<strong>MASIVA, ONLINE, ABIERTA y\u00a0GRATUITA.<\/strong><\/p>\n<p>El Programa tiene una duraci\u00f3n de<strong>\u00a02 a\u00f1os<\/strong>, y su organizaci\u00f3n es la siguiente:<\/p>\n<p>&#8211; Cada a\u00f1o de cursada cuenta con\u00a0<strong>4 m\u00f3dulos o NOOCs (2 por cuatrimestre)<\/strong>\u00a0y, cada uno de ellos,\u00a0<strong>s<\/strong><strong>e puede cursar en forma\u00a0libre y gratuita\u00a0y otorga una\u00a0certificaci\u00f3n de participaci\u00f3n independiente<\/strong>.<\/p>\n<p>&#8211; Si el\/la estudiante alcanza un 75% en el desarrollo de todas las actividades propuestas en un m\u00f3dulo determinado, podr\u00e1 acceder a la validaci\u00f3n de sus conocimientos, adquiriendo un derecho de examen y, a partir de su aprobaci\u00f3n, recibir la\u00a0certificaci\u00f3n de aprobaci\u00f3n\u00a0correspondiente.<\/p>\n<p>&#8211; La cursada se desarrolla \u00edntegramente a trav\u00e9s de la modalidad virtual dentro del Campus del Programa, en nuestras Aulas Iconogr\u00e1ficas ICOAULAS\u00a0(https:\/\/icoaulas.org\/educadores).<\/p>\n<p><strong><br \/>\nProcedimiento para la inscripci\u00f3n:<\/strong><\/p>\n<p>Completa el Formulario disponible en:<br \/>\n<a href=\"https:\/\/goo.gl\/forms\/809RpbHwC455wNio2\">https:\/\/goo.gl\/forms\/809RpbHwC455wNio2<\/a><\/p>\n<p>Env\u00eda luego un email a programaeducadores@gmail.com<br \/>\nInformando la inscripci\u00f3n.<\/p>\n<p><iframe loading=\"lazy\" src=\"https:\/\/docs.google.com\/forms\/d\/e\/1FAIpQLSfP3RTh4Kr3SYtmFFwj3oCjZTKtqyC9jweBmC8y8s3W6UkthA\/viewform?embedded=true\" width=\"640\" height=\"1932\" frameborder=\"0\" marginwidth=\"0\" marginheight=\"0\">Cargando&#8230;<\/iframe><\/p>\n<p>&nbsp;<\/p>\n<div class=\"pvc_clear\"><\/div>\n<p class=\"pvc_stats all \" data-element-id=\"100\" style=\"\"><i class=\"pvc-stats-icon medium\" aria-hidden=\"true\"><svg aria-hidden=\"true\" focusable=\"false\" data-prefix=\"far\" data-icon=\"chart-bar\" role=\"img\" xmlns=\"http:\/\/www.w3.org\/2000\/svg\" viewBox=\"0 0 512 512\" class=\"svg-inline--fa fa-chart-bar fa-w-16 fa-2x\"><path fill=\"currentColor\" d=\"M396.8 352h22.4c6.4 0 12.8-6.4 12.8-12.8V108.8c0-6.4-6.4-12.8-12.8-12.8h-22.4c-6.4 0-12.8 6.4-12.8 12.8v230.4c0 6.4 6.4 12.8 12.8 12.8zm-192 0h22.4c6.4 0 12.8-6.4 12.8-12.8V140.8c0-6.4-6.4-12.8-12.8-12.8h-22.4c-6.4 0-12.8 6.4-12.8 12.8v198.4c0 6.4 6.4 12.8 12.8 12.8zm96 0h22.4c6.4 0 12.8-6.4 12.8-12.8V204.8c0-6.4-6.4-12.8-12.8-12.8h-22.4c-6.4 0-12.8 6.4-12.8 12.8v134.4c0 6.4 6.4 12.8 12.8 12.8zM496 400H48V80c0-8.84-7.16-16-16-16H16C7.16 64 0 71.16 0 80v336c0 17.67 14.33 32 32 32h464c8.84 0 16-7.16 16-16v-16c0-8.84-7.16-16-16-16zm-387.2-48h22.4c6.4 0 12.8-6.4 12.8-12.8v-70.4c0-6.4-6.4-12.8-12.8-12.8h-22.4c-6.4 0-12.8 6.4-12.8 12.8v70.4c0 6.4 6.4 12.8 12.8 12.8z\" class=\"\"><\/path><\/svg><\/i> &nbsp;1,681&nbsp;total views, &nbsp;2&nbsp;views today<\/p>\n<div class=\"pvc_clear\"><\/div>\n","protected":false},"excerpt":{"rendered":"<p>Comenzamos una nueva cohorte de la\u00a0Escuela Virtual con la modalidad:\u00a0MASIVA, ONLINE, ABIERTA y\u00a0GRATUITA. El Programa tiene una duraci\u00f3n de\u00a02 a\u00f1os,<\/p>\n<div class=\"pvc_clear\"><\/div>\n<p class=\"pvc_stats all \" data-element-id=\"100\" style=\"\"><i class=\"pvc-stats-icon medium\" aria-hidden=\"true\"><svg aria-hidden=\"true\" focusable=\"false\" data-prefix=\"far\" data-icon=\"chart-bar\" role=\"img\" xmlns=\"http:\/\/www.w3.org\/2000\/svg\" viewBox=\"0 0 512 512\" class=\"svg-inline--fa fa-chart-bar fa-w-16 fa-2x\"><path fill=\"currentColor\" d=\"M396.8 352h22.4c6.4 0 12.8-6.4 12.8-12.8V108.8c0-6.4-6.4-12.8-12.8-12.8h-22.4c-6.4 0-12.8 6.4-12.8 12.8v230.4c0 6.4 6.4 12.8 12.8 12.8zm-192 0h22.4c6.4 0 12.8-6.4 12.8-12.8V140.8c0-6.4-6.4-12.8-12.8-12.8h-22.4c-6.4 0-12.8 6.4-12.8 12.8v198.4c0 6.4 6.4 12.8 12.8 12.8zm96 0h22.4c6.4 0 12.8-6.4 12.8-12.8V204.8c0-6.4-6.4-12.8-12.8-12.8h-22.4c-6.4 0-12.8 6.4-12.8 12.8v134.4c0 6.4 6.4 12.8 12.8 12.8zM496 400H48V80c0-8.84-7.16-16-16-16H16C7.16 64 0 71.16 0 80v336c0 17.67 14.33 32 32 32h464c8.84 0 16-7.16 16-16v-16c0-8.84-7.16-16-16-16zm-387.2-48h22.4c6.4 0 12.8-6.4 12.8-12.8v-70.4c0-6.4-6.4-12.8-12.8-12.8h-22.4c-6.4 0-12.8 6.4-12.8 12.8v70.4c0 6.4 6.4 12.8 12.8 12.8z\" class=\"\"><\/path><\/svg><\/i> &nbsp;1,681&nbsp;total views, &nbsp;2&nbsp;views today<\/p>\n<div class=\"pvc_clear\"><\/div>\n","protected":false},"author":1,"featured_media":0,"parent":0,"menu_order":0,"comment_status":"closed","ping_status":"closed","template":"","meta":[],"_links":{"self":[{"href":"https:\/\/e-ducadores.org\/escuela\/wp-json\/wp\/v2\/pages\/100"}],"collection":[{"href":"https:\/\/e-ducadores.org\/escuela\/wp-json\/wp\/v2\/pages"}],"about":[{"href":"https:\/\/e-ducadores.org\/escuela\/wp-json\/wp\/v2\/types\/page"}],"author":[{"embeddable":true,"href":"https:\/\/e-ducadores.org\/escuela\/wp-json\/wp\/v2\/users\/1"}],"replies":[{"embeddable":true,"href":"https:\/\/e-ducadores.org\/escuela\/wp-json\/wp\/v2\/comments?post=100"}],"version-history":[{"count":43,"href":"https:\/\/e-ducadores.org\/escuela\/wp-json\/wp\/v2\/pages\/100\/revisions"}],"predecessor-version":[{"id":313,"href":"https:\/\/e-ducadores.org\/escuela\/wp-json\/wp\/v2\/pages\/100\/revisions\/313"}],"wp:attachment":[{"href":"https:\/\/e-ducadores.org\/escuela\/wp-json\/wp\/v2\/media?parent=100"}],"curies":[{"name":"wp","href":"https:\/\/api.w.org\/{rel}","templated":true}]}}