{"id":21,"date":"2017-05-08T22:41:18","date_gmt":"2017-05-08T22:41:18","guid":{"rendered":"https:\/\/e-ducadores.org\/educacionvital\/?page_id=21"},"modified":"2017-11-08T18:06:10","modified_gmt":"2017-11-08T18:06:10","slug":"participantes","status":"publish","type":"page","link":"https:\/\/e-ducadores.org\/educacionvital\/participantes\/","title":{"rendered":"Participantes"},"content":{"rendered":"<h4><span style=\"color: #800000;\">Participan en <i><b>el proyecto<\/b><\/i> las siguientes instituciones educativas:<\/span><\/h4>\n<ul>\n<li><strong>CEIP TOSCAL LONGUERA. (<\/strong>Los Realejos, Isla de Tenerife,<strong> Islas Canarias-ESPA\u00d1A<\/strong>).<\/li>\n<li><strong>INSTITUTO TOM\u00c1S DEVOTO.<\/strong>\u00a0<strong>(<\/strong>Ciudad de Buenos Aires &#8211;<strong> ARGENTINA<\/strong>).<\/li>\n<li><strong>COLEGIO NUESTRA SE\u00d1ORA DE LA MERCED.<\/strong> (Villa Ballester &#8211; Prov. de Buenos Aires &#8211;<strong> ARGENTINA<\/strong>).<\/li>\n<li><strong>CIUDAD DEL MAR. <\/strong>(Torrevieja, Alicante-<strong>ESPA\u00d1A<\/strong>).<\/li>\n<li><strong>CENTRO EDUCATIVO MEDIO VICTORIANO LORENZO<\/strong> (<strong>PANAM\u00c1<\/strong>).<\/li>\n<li><strong>CEIP JOS\u00c9 P\u00c9REZ VIDAL<\/strong> (Santa Cruz de La Palma, Isla de La Palma, <strong>Islas Canarias-ESPA\u00d1A<\/strong>).<\/li>\n<li><strong>ESCUELA N 67<\/strong> (Neuqu\u00e9n-<strong>ARGENTINA<\/strong>).<\/li>\n<li><strong>IPEM 175 PADRE GRENON<\/strong> (C\u00f3rdoba-<strong>ARGENTINA<\/strong>).<\/li>\n<li><strong>COLEGIO MECENAS<\/strong> (Corrientes-<strong>ARGENTINA).<\/strong><\/li>\n<li><strong>ESCUELA N 166 RODOLFO CARMONA<\/strong> (Chilecito, La Rioja-<strong>ARGENTINA<\/strong>).<\/li>\n<li><strong>CEIP GALICIA<\/strong> (Las Palmas de Gran Canaria, Isla de Gran Canaria, <strong>Islas Canarias-ESPA\u00d1A<\/strong>).<\/li>\n<li><strong>CEIP CAMPINO<\/strong> (Icod de los Vinos, Tenerife, <strong>Islas Canarias-ESPA\u00d1A<\/strong>).<\/li>\n<li><strong>CEIP ESTEBAN NAVARRO<\/strong> (Telde, Las Palmas,<strong> Islas Canarias-ESPA\u00d1A<\/strong>).<\/li>\n<li><strong>CEIP PRINCESA TEJINA<\/strong> (La Laguna, Tenerife, <strong>Islas Canarias-ESPA\u00d1A).<\/strong><\/li>\n<li><strong>COLEGIO WATSON Y CRICK<\/strong> (Ciudad de M\u00e9xico, <strong>M\u00c9XICO<\/strong>).<\/li>\n<li><strong>INSTITUTO GARDNER<\/strong> (Riohacha &#8211; La Guajira,\u00a0<strong>COLOMBIA<\/strong>).<\/li>\n<li><strong>I.E SOLEDAD ACOSTA DE SAMPER<\/strong> (Cartagena\/Bolivar,\u00a0<strong>COLOMBIA<\/strong>).<\/li>\n<li><strong>CEIP LOPE DE GUERRA<\/strong>\u00a0Valle de Guerra \/ Santa Cruz de Tenerife \/ <strong>ESPA\u00d1A<\/strong>).<\/li>\n<li><strong>ESCUELA DE EDUCACI\u00d3N MANUAL N\u00ba110 \u00ab11 de Septiembre\u00bb<\/strong> (Santa Fe &#8211; <strong>ARGENTINA<\/strong>).<\/li>\n<li><strong>ANTONIA SANTOS SEDE SANTA RITA 19<\/strong> (Municipio de Caicedonia\/ Departamento del Valle del cauca \/<strong> COLOMBIA<\/strong>).<\/li>\n<li><strong>I.E MARCO FIDEL SU\u00c1REZ<\/strong> (Mil\u00e1n\/Caquet\u00e1\/ <strong>COLOMBIA<\/strong>).<\/li>\n<li><strong>CEIP BUENAVENTURA BONNET<\/strong> (Santa Cruz de Tenerife, <strong>Islas Canarias-ESPA\u00d1A<\/strong>).<\/li>\n<li><strong>EPET 8<\/strong> en industrias de proceso (Saujil capital del dpto poman Catamarca, <strong>ARGENTINA<\/strong>).<\/li>\n<li><strong>MIGUEL OTHON DE MENDIZABAL (M\u00c9XICO)<\/strong>.<\/li>\n<li><strong>DARIEN HIGH SCHOOL<\/strong> (Darien, Connecticut 06820, <strong>ESTADOS UNIDOS<\/strong>).<\/li>\n<li><strong>CEIP ATALAYA<\/strong> (La Matanza, Tenerife, <strong>Islas Canarias-ESPA\u00d1A<\/strong>).<\/li>\n<\/ul>\n","protected":false},"excerpt":{"rendered":"<p>Participan en el proyecto las siguientes instituciones educativas: CEIP TOSCAL LONGUERA. (Los Realejos, Isla de Tenerife, Islas Canarias-ESPA\u00d1A). INSTITUTO TOM\u00c1S DEVOTO.\u00a0(Ciudad de Buenos Aires &#8211; ARGENTINA). COLEGIO NUESTRA SE\u00d1ORA DE LA MERCED. (Villa Ballester &#8211; Prov. de Buenos Aires &#8211; ARGENTINA). CIUDAD DEL MAR. (Torrevieja, Alicante-ESPA\u00d1A). CENTRO EDUCATIVO MEDIO VICTORIANO LORENZO (PANAM\u00c1). CEIP JOS\u00c9 P\u00c9REZ [&hellip;]<\/p>\n","protected":false},"author":1,"featured_media":0,"parent":0,"menu_order":0,"comment_status":"closed","ping_status":"closed","template":"","meta":[],"_links":{"self":[{"href":"https:\/\/e-ducadores.org\/educacionvital\/wp-json\/wp\/v2\/pages\/21"}],"collection":[{"href":"https:\/\/e-ducadores.org\/educacionvital\/wp-json\/wp\/v2\/pages"}],"about":[{"href":"https:\/\/e-ducadores.org\/educacionvital\/wp-json\/wp\/v2\/types\/page"}],"author":[{"embeddable":true,"href":"https:\/\/e-ducadores.org\/educacionvital\/wp-json\/wp\/v2\/users\/1"}],"replies":[{"embeddable":true,"href":"https:\/\/e-ducadores.org\/educacionvital\/wp-json\/wp\/v2\/comments?post=21"}],"version-history":[{"count":15,"href":"https:\/\/e-ducadores.org\/educacionvital\/wp-json\/wp\/v2\/pages\/21\/revisions"}],"predecessor-version":[{"id":254,"href":"https:\/\/e-ducadores.org\/educacionvital\/wp-json\/wp\/v2\/pages\/21\/revisions\/254"}],"wp:attachment":[{"href":"https:\/\/e-ducadores.org\/educacionvital\/wp-json\/wp\/v2\/media?parent=21"}],"curies":[{"name":"wp","href":"https:\/\/api.w.org\/{rel}","templated":true}]}}