{"id":2,"date":"2017-05-03T16:30:32","date_gmt":"2017-05-03T16:30:32","guid":{"rendered":"https:\/\/e-ducadores.org\/educacionvital\/?page_id=2"},"modified":"2017-05-15T20:29:56","modified_gmt":"2017-05-15T20:29:56","slug":"elproyecto","status":"publish","type":"page","link":"https:\/\/e-ducadores.org\/educacionvital\/elproyecto\/","title":{"rendered":"El Proyecto"},"content":{"rendered":"<p><strong>\u00bfQu\u00e9 es la Educaci\u00f3n Vital?<\/strong><\/p>\n<p>La <span style=\"color: #800000;\"><strong>Educaci<img loading=\"lazy\" class=\"size-medium wp-image-14 alignleft\" src=\"https:\/\/e-ducadores.org\/educacionvital\/wp-content\/uploads\/2017\/05\/Portada-Educaci\u00f3n-Vital-225x300.jpg\" alt=\"\" width=\"225\" height=\"300\" srcset=\"https:\/\/e-ducadores.org\/educacionvital\/wp-content\/uploads\/2017\/05\/Portada-Educaci\u00f3n-Vital-225x300.jpg 225w, https:\/\/e-ducadores.org\/educacionvital\/wp-content\/uploads\/2017\/05\/Portada-Educaci\u00f3n-Vital-768x1024.jpg 768w, https:\/\/e-ducadores.org\/educacionvital\/wp-content\/uploads\/2017\/05\/Portada-Educaci\u00f3n-Vital.jpg 810w\" sizes=\"(max-width: 225px) 100vw, 225px\" \/>\u00f3n Vital<\/strong><\/span> es la educaci\u00f3n para la vida. Es alcanzar, a trav\u00e9s de la educaci\u00f3n, un enriquecimiento personal y comunitario donde el maestro se convierte en un gu\u00eda, en un tutor de fortalezas que fomenta la motivaci\u00f3n y exprime la creatividad que los\/as ni\u00f1os\/as y adolescentes tiene en su interior, poni\u00e9ndola al servicio de la innovaci\u00f3n y haci\u00e9ndoles protagonistas de su aprendizaje y crecimiento. Bajo este prisma, la ense\u00f1anza se convierte en una proposici\u00f3n de nuevas aventuras, retos, proyectos y desaf\u00edos que cobran vida cada d\u00eda en el aula.<\/p>\n<p><span style=\"color: #800000;\"><strong>Educaci\u00f3n Vital<\/strong><\/span>, es dar oportunidad a aquellos que la han perdido en multitud de ocasiones, es creer en su capacidad de superaci\u00f3n, es elevar sus voces y ser capaz de escucharlas, es desafiarles cada d\u00eda a romper barreras.<\/p>\n<p>Para el profesorado es mucho m\u00e1s que dar clases, <span style=\"color: #800000;\"><strong>Educaci\u00f3n Vital<\/strong><\/span> es vivir la educaci\u00f3n, disfrutar y crear lazos para siempre con tu alumnado. Cambiemos la educaci\u00f3n.<\/p>\n<p>&nbsp;<\/p>\n<p><span style=\"color: #800000;\"><strong>\u00danete al movimiento Educaci\u00f3n Vital.<\/strong><\/span><\/p>\n<p><strong>\u00bfQu\u00e9 objetivos nos proponemos?<\/strong><\/p>\n<ul>\n<li>Construir lazos de aprendizajes entre alumnado de diferentes partes del planeta.<\/li>\n<li>Aprender a relacionarse con los dem\u00e1s de una manera diferente, por medio de los Mensa-v\u00eddeos.<\/li>\n<li>Aprender y trabajar en grupos y en colaboraci\u00f3n.<\/li>\n<li>Conocer otros lugares del mundo y ense\u00f1ar el lugar donde vives a otros alumnos del territorio nacional e internacional.<\/li>\n<li>Compartir e intercambiar conocimientos, ideas, recursos, herramientas y aplicaciones de inter\u00e9s para la comunidad educativa que participa en el proyecto.<\/li>\n<li>Promover el uso de las tecnolog\u00edas como apoyo en los procesos de ense\u00f1anza y de aprendizaje.<\/li>\n<li>Desarrollar en los ni\u00f1os y adolescentes habilidades para la producci\u00f3n colaborativa y construcci\u00f3n de narrativas audiovisuales web.<\/li>\n<\/ul>\n<p><strong>\u00bfQu\u00e9 utilizaremos para conectarnos? <\/strong><\/p>\n<p>Por medio de los MENSA-V\u00cdDEOS nos conoceremos, hablaremos de nuestro entorno y hablaremos de nuestras experiencias educativas.<\/p>\n<p>La idea es que los alumnos\u00a0utilicen un m\u00f3vil o una PC y una simple aplicaci\u00f3n\u00a0para, con la ayuda de sus maestros o profesores, puedan desarrollar\u00a0v\u00eddeos, que hablen frente a la c\u00e1mara, que expresen y que den a conocer el colegio, el municipio, lugares importantes de su entorno cercano o de su isla o pa\u00eds, que expresen emociones, que ense\u00f1en mates, lengua, ciencias y todo lo que quieran de una forma diferente y sobretodo que disfruten durante su elaboraci\u00f3n. <em>Alumnos Conectados por la Educaci\u00f3n Vital<\/em>, les permitir\u00e1 conocer el mundo sin salir de su colegio y aprender de otros ni\u00f1os y adolescentes\u00a0de lugares y culturas diferentes por medio de los Mensa-v\u00eddeos, que enviar\u00e1n a sus amigos virtuales de una forma sencilla y divertida.<\/p>\n<p><strong>\u00bfEs complicado?<\/strong><\/p>\n<p>Para nada es complicado. Solamente necesitar\u00e1n un m\u00f3vil o una c\u00e1mara digital\u00a0para grabar a sus alumnos o que ellos mismos puedan filmarse, \u00a0y enviarnos sus aventuras. Luego, pueden editar el v\u00eddeo con aplicaciones sencillas para el m\u00f3vil (por ej. Viva Video) o programas simples como el editor online de YouTube u otras aplicaciones que tengan instaladas en su PC.<\/p>\n<p>Si decides grabar a tus alumnos con el m\u00f3vil y no dominas mucho las tecnolog\u00edas, no te preocupes. En caso que la edici\u00f3n te cueste, podr\u00edas apoyarte en los propios alumnos, que suelen estar al d\u00eda con la tecnolog\u00eda. Otra opci\u00f3n es recurrir a la red cercana que tengas. Hablamos de las propias familias de los alumnos o de amigos que siempre est\u00e1n dispuestos a colaborar.<\/p>\n<p><strong>\u00bfC\u00f3mo empezar\u00edamos a caminar?<\/strong><\/p>\n<p>1.-Comenzar\u00e1s poni\u00e9ndole el v\u00eddeo de presentaci\u00f3n de los alumnos de Educaci\u00f3n Vital del maestro Miguel Mederos enlace:<\/p>\n<p><iframe loading=\"lazy\" title=\"Alumnos conectados por la Educaci\u00f3n Vital. \u00bfQuieres conocernos? \u00bfQuieres que te conozca?Te esperamos\" width=\"640\" height=\"360\" src=\"https:\/\/www.youtube.com\/embed\/rN6odVaWTZs?feature=oembed\" frameborder=\"0\" allow=\"accelerometer; autoplay; clipboard-write; encrypted-media; gyroscope; picture-in-picture\" allowfullscreen><\/iframe><\/p>\n<p>2.-Tras aceptar el reto por parte de tus alumnos, tendr\u00e1n que responder con otro Mensa-v\u00eddeo en el que se presenten.<\/p>\n<p>3.-Luego empieza lo bueno. La misi\u00f3n es que tus alumnos, de forma individual, en parejas, peque\u00f1o grupo o gran grupo, preparen peque\u00f1os v\u00eddeos, donde muestren su colegio, el lugar donde viven, cosas importantes de su pa\u00eds, trucos para aprender mejor matem\u00e1ticas, representaciones de cuentos, sus pensamientos, emociones\u2026 En definitiva queremos que aflore la creatividad que tienen dentro, que utilicen las tecnolog\u00edas y que disfruten con la Educaci\u00f3n Vital.<\/p>\n<p>4.-Sube el v\u00eddeo a YouTube. Tendr\u00edas que abrirte un canal para alojar los v\u00eddeos. Al subir los v\u00eddeos, recuerda poner en el t\u00edtulo el nombre del colegio, Educaci\u00f3n Vital y en la descripci\u00f3n del mismo, hacer una peque\u00f1a explicaci\u00f3n de lo que quieren mostrarnos.<\/p>\n<p>5.-Copiar el enlace de YouTube y enviarlo al correo zacatapas@gmail.com.<\/p>\n<p>6.-Visiona los Mensa-v\u00eddeos de los participantes con tus alumnos.<\/p>\n<p>7.-Disfruta de la educaci\u00f3n\u00a0con tus alumnos, porque educar es un regalo.<\/p>\n<p>&nbsp;<\/p>\n<p><strong>\u00bfQui\u00e9n puede participar?<\/strong><\/p>\n<p>Destinatarios: Alumnado de infantil, primaria y secundaria.<\/p>\n<p>&nbsp;<\/p>\n<p><strong>\u00bfPuedo colgar los v\u00eddeos en la plataforma?<\/strong><\/p>\n<p>Importante: Cada profesor tendr\u00e1 que tener la autorizaci\u00f3n del uso de la imagen de su alumnado.<\/p>\n<p>Les proporcionamos\u00a0 modelos de derechos de imagen para aquellos participantes que no lo posean.<\/p>\n<p>&nbsp;<\/p>\n<p><strong>\u00bfTienes dudas?, \u00bfquieres conocer algo m\u00e1s sobre la Educaci\u00f3n Vital del maestro Miguel Mederos?<\/strong><\/p>\n<p>Estar\u00e9 encantado de responder a tus dudas. Puedes enviarme un correo a <a href=\"mailto:zacatapas@gmail.com\">zacatapas@gmail.com<\/a><\/p>\n<p>Para conocer los diferentes proyectos y recursos realizados en Educaci\u00f3n Vital, puedes acudir a la web <a href=\"http:\/\/www.miguelmederos.com\">www.miguelmederos.com<\/a><\/p>\n<p>Y en redes sociales te espero en Facebook (Miguel Mederos), Twitter (@zacatapas) y en Instagram.<\/p>\n<p>&nbsp;<\/p>\n","protected":false},"excerpt":{"rendered":"<p>\u00bfQu\u00e9 es la Educaci\u00f3n Vital? La Educaci\u00f3n Vital es la educaci\u00f3n para la vida. Es alcanzar, a trav\u00e9s de la educaci\u00f3n, un enriquecimiento personal y comunitario donde el maestro se convierte en un gu\u00eda, en un tutor de fortalezas que fomenta la motivaci\u00f3n y exprime la creatividad que los\/as ni\u00f1os\/as y adolescentes tiene en su [&hellip;]<\/p>\n","protected":false},"author":1,"featured_media":0,"parent":0,"menu_order":0,"comment_status":"closed","ping_status":"open","template":"","meta":[],"_links":{"self":[{"href":"https:\/\/e-ducadores.org\/educacionvital\/wp-json\/wp\/v2\/pages\/2"}],"collection":[{"href":"https:\/\/e-ducadores.org\/educacionvital\/wp-json\/wp\/v2\/pages"}],"about":[{"href":"https:\/\/e-ducadores.org\/educacionvital\/wp-json\/wp\/v2\/types\/page"}],"author":[{"embeddable":true,"href":"https:\/\/e-ducadores.org\/educacionvital\/wp-json\/wp\/v2\/users\/1"}],"replies":[{"embeddable":true,"href":"https:\/\/e-ducadores.org\/educacionvital\/wp-json\/wp\/v2\/comments?post=2"}],"version-history":[{"count":5,"href":"https:\/\/e-ducadores.org\/educacionvital\/wp-json\/wp\/v2\/pages\/2\/revisions"}],"predecessor-version":[{"id":47,"href":"https:\/\/e-ducadores.org\/educacionvital\/wp-json\/wp\/v2\/pages\/2\/revisions\/47"}],"wp:attachment":[{"href":"https:\/\/e-ducadores.org\/educacionvital\/wp-json\/wp\/v2\/media?parent=2"}],"curies":[{"name":"wp","href":"https:\/\/api.w.org\/{rel}","templated":true}]}}