{"id":21,"date":"2021-01-15T19:15:26","date_gmt":"2021-01-15T19:15:26","guid":{"rendered":"http:\/\/e-ducadores.org\/aulasvirtuales\/home\/"},"modified":"2023-03-04T21:08:13","modified_gmt":"2023-03-04T21:08:13","slug":"home","status":"publish","type":"page","link":"https:\/\/e-ducadores.org\/aulasvirtuales\/","title":{"rendered":"Home"},"content":{"rendered":"\n\n\nImplemente su Aula Virtual <br>Personal o Institucional\n<p style=\"text-align: center\"><span style=\"font-size: 24px;\"><span style=\"color: rgb(255, 242, 202);\">Su propio <\/span><strong style=\"color: rgb(255, 255, 255);\">EVA (Entorno Virtual de Aprendizaje)<\/strong><span style=\"color: rgb(255, 242, 202);\">&nbsp;desarrollado en MOODLE.<\/span><\/span><span style=\"color: rgb(255, 242, 202);\"><\/span><\/p>\n\n\n\n\n\n\n\nEl Programa DIPEV\n<p><span style=\"font-family: Arial, Helvetica, sans-serif;\">El programa \u201c<strong><em>Dise\u00f1o e Implementaci\u00f3n de Plataformas Educativas Virtuales (DIPEV)<\/em><\/strong>\u201d de&nbsp;<em><strong style=\"color: rgb(149, 55, 52);\">e-ducadores<\/strong><\/em>&nbsp;busca ofrecer a empresas, instituciones educativas en general y a <strong><em style=\"color: rgb(149, 55, 52);\">profesionales, en particular, <\/em><\/strong>el desarrollo e implementaci\u00f3n de sus propias plataformas virtuales de aprendizaje y capacitaci\u00f3n, atendiendo especialmente a la formaci\u00f3n y el acompa\u00f1amiento durante todo el proceso y al seguimiento de las actividades desarrolladas.<\/span><\/p><p><span style=\"font-family: Arial, Helvetica, sans-serif;\">Entre las acciones que se ofrecen en el marco del proyecto se destacan: la instalaci\u00f3n y customizaci\u00f3n de una plataforma educativa virtual, una<span style=\"font-size: 16px;\">&nbsp;capacitaci\u00f3n inicial,&nbsp; y el acompa\u00f1amiento a los participantes del programa, a trav\u00e9s de mesas de ayuda t\u00e9cnica y tutor\u00edas virtuales, durante todo el desarrollo de la propuesta.<\/span><\/span><\/p>\n\n\n\n\n<p><span style=\"font-family: Arial, Helvetica, sans-serif;\">Desarrollamos su aula virtual.<\/span><\/p>\n<p><span style=\"font-size: 16px; font-family: Arial, Helvetica, sans-serif;\">Formaci\u00f3n personalizada inicial.<\/span><\/p>\n\n\n<p><span style=\"font-family: Arial, Helvetica, sans-serif;\">Le damos un look &amp; feel personalizado.<\/span><\/p>\n<p><span style=\"font-family: Arial, Helvetica, sans-serif;\">Mesa de ayuda t\u00e9cnico-pedag\u00f3gica.<\/span><br><\/p>\n\n\n\n\n\n\n\u00ab<span>Ofrecemos una soluci\u00f3n <br>completa y adaptable <br>a las necesidades de cada e-ducador<br>o Instituci\u00f3n.<\/span>\n<p><br><\/p><p><span>El desarrollo y la implementaci\u00f3n del Aula Virtual<br>se realiza en tres etapas:<\/span><\/p><p><span><br><\/span><\/p><p>&#8211; Startup inicial.&nbsp;<\/p><p>&#8211; Capacitaci\u00f3n.<\/p><p>&#8211; Mesa de ayuda.<\/p><p><br><\/p><p>&nbsp; &nbsp;&nbsp;<\/p>\n\n\n\n\n<h2><br><\/h2><h2>En un entorno cerrado y seguro para los educadores y sus estudiantes.<\/h2><p>&nbsp;&nbsp;<\/p>\n\n\n\n\nPlanes\n\n\n\n\n\n\n\n\n\n\n\n\n\n\n\n<h2>Solicite un plan a la medida de sus necesidades&#8230;<\/h2><div>&nbsp;<\/div><div>&nbsp;&nbsp;<\/div>\n\n\n\n\n<h2><br><\/h2><div><br><\/div><div><br><\/div>\n<span style=\"font-family: Arial, Helvetica, sans-serif; font-size: 18px;\"><br><\/span><p style=\"text-align: center;\"><span style=\"font-family: Arial, Helvetica, sans-serif;\"><span style=\"font-size: 18px;\">Complete el siguiente formulario, para que podamos brindarle m\u00e1s informaci\u00f3n acerca de \u00e9ste o de otro de nuestros programas educativos.<\/span><\/span><\/p><span style=\"font-family: Arial, Helvetica, sans-serif;\"><span style=\"font-size: 18px; background-color: transparent;\">&nbsp;<\/span><\/span>\n<iframe loading=\"lazy\" src=\"https:\/\/docs.google.com\/forms\/d\/e\/1FAIpQLSfY7oRL6JiNlCiAXAQA_U7bEsdpZ1CKWd6rFV_uYYC6zB4p7g\/viewform?embedded=true\" width=\"640\" height=\"800\" frameborder=\"0\" marginheight=\"0\" marginwidth=\"0\">Cargando\u2026<\/iframe>\n\n\n\n\nDescubre nuestras <br>escuelas virtuales iconogr\u00e1ficas&#8230;\n<p><span style=\"font-family: Arial, Helvetica, sans-serif;\"><strong>Porque los e-ducadores debemos <\/strong><span style=\"font-size: 25px; color: rgb(149, 55, 52);\"><strong style=\"\">APRENDER PARA EDUCAR<\/strong><\/span><span style=\"font-size: 40px;\"><\/span><span style=\"font-size: 20px;\"><\/span><strong style=\"color: rgb(149, 55, 52);\"><\/strong><strong> mejor cada d\u00eda, te invitamos a conocer:<\/strong><\/span><\/p><p><strong>&nbsp;<\/strong><\/p>\n\n\n\nLa Escuela Virtual de <br>e-ducadores.<br><br>\nGooman\u00eda Pedag\u00f3gica.<br><br>\n\n\nMundo Escritores<br><br>\nEscuela Digital de Proyectos\n\n\n\n\nLa Escuela Virtual de<br>Rob\u00f3tica.\n<p>Campus Chicas Programadoras<br><\/p>\n\n\nCampus Virtual ISPE<br><br>\nEl RobotGame\n\n\n\n\n\n\n\n<p><span style=\"font-family: Arial, Helvetica, sans-serif;\">Desde el a\u00f1o <strong>2005<\/strong> dise\u00f1amos e implementamos propuestas diferenciadoras: programas escolares, capacitaci\u00f3n docente, revistas educativas digitales, entre otros.<\/span><\/p>\n\n\n\n\n\n\n\n\n\n\n\n\n\n\n\n\n\n\n\n\n\n\n\n\n\n\nAlcance Global\n<p>Educadores y estudiantes aprendiendo telecolaborativamente.<\/p>\n\n\n\n\n<h2><br><\/h2><h2>CONOCIMIENTO EN RED<\/h2><div><br><\/div>\n\n\n<div class=\"pvc_clear\"><\/div><p class=\"pvc_stats all \" data-element-id=\"21\" style=\"\"><i class=\"pvc-stats-icon medium\" aria-hidden=\"true\"><svg aria-hidden=\"true\" focusable=\"false\" data-prefix=\"far\" data-icon=\"chart-bar\" role=\"img\" xmlns=\"http:\/\/www.w3.org\/2000\/svg\" viewBox=\"0 0 512 512\" class=\"svg-inline--fa fa-chart-bar fa-w-16 fa-2x\"><path fill=\"currentColor\" d=\"M396.8 352h22.4c6.4 0 12.8-6.4 12.8-12.8V108.8c0-6.4-6.4-12.8-12.8-12.8h-22.4c-6.4 0-12.8 6.4-12.8 12.8v230.4c0 6.4 6.4 12.8 12.8 12.8zm-192 0h22.4c6.4 0 12.8-6.4 12.8-12.8V140.8c0-6.4-6.4-12.8-12.8-12.8h-22.4c-6.4 0-12.8 6.4-12.8 12.8v198.4c0 6.4 6.4 12.8 12.8 12.8zm96 0h22.4c6.4 0 12.8-6.4 12.8-12.8V204.8c0-6.4-6.4-12.8-12.8-12.8h-22.4c-6.4 0-12.8 6.4-12.8 12.8v134.4c0 6.4 6.4 12.8 12.8 12.8zM496 400H48V80c0-8.84-7.16-16-16-16H16C7.16 64 0 71.16 0 80v336c0 17.67 14.33 32 32 32h464c8.84 0 16-7.16 16-16v-16c0-8.84-7.16-16-16-16zm-387.2-48h22.4c6.4 0 12.8-6.4 12.8-12.8v-70.4c0-6.4-6.4-12.8-12.8-12.8h-22.4c-6.4 0-12.8 6.4-12.8 12.8v70.4c0 6.4 6.4 12.8 12.8 12.8z\" class=\"\"><\/path><\/svg><\/i> &nbsp;14,829&nbsp;total views, &nbsp;4&nbsp;views today<\/p><div class=\"pvc_clear\"><\/div>","protected":false},"excerpt":{"rendered":"<p>&nbsp;14,829&nbsp;total views, &nbsp;4&nbsp;views today<\/p>\n<div class=\"pvc_clear\"><\/div>\n<p class=\"pvc_stats all \" data-element-id=\"21\" style=\"\"><i class=\"pvc-stats-icon medium\" aria-hidden=\"true\"><svg aria-hidden=\"true\" focusable=\"false\" data-prefix=\"far\" data-icon=\"chart-bar\" role=\"img\" xmlns=\"http:\/\/www.w3.org\/2000\/svg\" viewBox=\"0 0 512 512\" class=\"svg-inline--fa fa-chart-bar fa-w-16 fa-2x\"><path fill=\"currentColor\" d=\"M396.8 352h22.4c6.4 0 12.8-6.4 12.8-12.8V108.8c0-6.4-6.4-12.8-12.8-12.8h-22.4c-6.4 0-12.8 6.4-12.8 12.8v230.4c0 6.4 6.4 12.8 12.8 12.8zm-192 0h22.4c6.4 0 12.8-6.4 12.8-12.8V140.8c0-6.4-6.4-12.8-12.8-12.8h-22.4c-6.4 0-12.8 6.4-12.8 12.8v198.4c0 6.4 6.4 12.8 12.8 12.8zm96 0h22.4c6.4 0 12.8-6.4 12.8-12.8V204.8c0-6.4-6.4-12.8-12.8-12.8h-22.4c-6.4 0-12.8 6.4-12.8 12.8v134.4c0 6.4 6.4 12.8 12.8 12.8zM496 400H48V80c0-8.84-7.16-16-16-16H16C7.16 64 0 71.16 0 80v336c0 17.67 14.33 32 32 32h464c8.84 0 16-7.16 16-16v-16c0-8.84-7.16-16-16-16zm-387.2-48h22.4c6.4 0 12.8-6.4 12.8-12.8v-70.4c0-6.4-6.4-12.8-12.8-12.8h-22.4c-6.4 0-12.8 6.4-12.8 12.8v70.4c0 6.4 6.4 12.8 12.8 12.8z\" class=\"\"><\/path><\/svg><\/i> &nbsp;14,829&nbsp;total views, &nbsp;4&nbsp;views today<\/p>\n<div class=\"pvc_clear\"><\/div>\n","protected":false},"author":0,"featured_media":0,"parent":0,"menu_order":0,"comment_status":"closed","ping_status":"closed","template":"","meta":{"footnotes":""},"class_list":["post-21","page","type-page","status-publish","hentry"],"_links":{"self":[{"href":"https:\/\/e-ducadores.org\/aulasvirtuales\/wp-json\/wp\/v2\/pages\/21","targetHints":{"allow":["GET"]}}],"collection":[{"href":"https:\/\/e-ducadores.org\/aulasvirtuales\/wp-json\/wp\/v2\/pages"}],"about":[{"href":"https:\/\/e-ducadores.org\/aulasvirtuales\/wp-json\/wp\/v2\/types\/page"}],"replies":[{"embeddable":true,"href":"https:\/\/e-ducadores.org\/aulasvirtuales\/wp-json\/wp\/v2\/comments?post=21"}],"version-history":[{"count":67,"href":"https:\/\/e-ducadores.org\/aulasvirtuales\/wp-json\/wp\/v2\/pages\/21\/revisions"}],"predecessor-version":[{"id":127,"href":"https:\/\/e-ducadores.org\/aulasvirtuales\/wp-json\/wp\/v2\/pages\/21\/revisions\/127"}],"wp:attachment":[{"href":"https:\/\/e-ducadores.org\/aulasvirtuales\/wp-json\/wp\/v2\/media?parent=21"}],"curies":[{"name":"wp","href":"https:\/\/api.w.org\/{rel}","templated":true}]}}